{"id":2,"date":"2025-07-07T16:09:27","date_gmt":"2025-07-07T16:09:27","guid":{"rendered":"https:\/\/palmasurreformas.rkinformatika.online\/?page_id=2"},"modified":"2025-07-09T07:19:25","modified_gmt":"2025-07-09T07:19:25","slug":"inicio","status":"publish","type":"page","link":"https:\/\/palmasurreformas.com\/en\/","title":{"rendered":"Home"},"content":{"rendered":"<div data-elementor-type=\"wp-page\" data-elementor-id=\"2\" class=\"elementor elementor-2\" data-elementor-post-type=\"page\">\n\t\t\t\t\t\t<section class=\"elementor-section elementor-top-section elementor-element elementor-element-5549593 elementor-section-boxed elementor-section-height-default elementor-section-height-default\" data-id=\"5549593\" data-element_type=\"section\" data-e-type=\"section\" data-settings=\"{&quot;background_background&quot;:&quot;classic&quot;}\">\n\t\t\t\t\t\t\t<div class=\"elementor-background-overlay\"><\/div>\n\t\t\t\t\t\t\t<div class=\"elementor-container elementor-column-gap-default\">\n\t\t\t\t\t<div class=\"elementor-column elementor-col-100 elementor-top-column elementor-element elementor-element-98e63a1\" data-id=\"98e63a1\" data-element_type=\"column\" data-e-type=\"column\">\n\t\t\t<div class=\"elementor-widget-wrap elementor-element-populated\">\n\t\t\t\t\t\t<div class=\"elementor-element elementor-element-b0e2ee3 elementor-invisible elementor-widget elementor-widget-heading\" data-id=\"b0e2ee3\" data-element_type=\"widget\" data-e-type=\"widget\" data-settings=\"{&quot;_animation&quot;:&quot;fadeInUp&quot;}\" data-widget_type=\"heading.default\">\n\t\t\t\t\t<h2 class=\"elementor-heading-title elementor-size-default\">Renovations and Restoration<\/h2>\t\t\t\t<\/div>\n\t\t\t\t<div class=\"elementor-element elementor-element-1d0666f elementor-invisible elementor-widget elementor-widget-button\" data-id=\"1d0666f\" data-element_type=\"widget\" data-e-type=\"widget\" data-settings=\"{&quot;_animation&quot;:&quot;fadeInLeft&quot;}\" data-widget_type=\"button.default\">\n\t\t\t\t\t\t\t\t\t\t<a class=\"elementor-button elementor-button-link elementor-size-sm\" href=\"\/en\/servicios\/\">\n\t\t\t\t\t\t<span class=\"elementor-button-content-wrapper\">\n\t\t\t\t\t\t\t\t\t<span class=\"elementor-button-text\">Our Services<\/span>\n\t\t\t\t\t<\/span>\n\t\t\t\t\t<\/a>\n\t\t\t\t\t\t\t\t<\/div>\n\t\t\t\t\t<\/div>\n\t\t<\/div>\n\t\t\t\t\t<\/div>\n\t\t<\/section>\n\t\t\t\t<section class=\"elementor-section elementor-top-section elementor-element elementor-element-3da2dc5 elementor-section-boxed elementor-section-height-default elementor-section-height-default elementor-invisible\" data-id=\"3da2dc5\" data-element_type=\"section\" data-e-type=\"section\" data-settings=\"{&quot;background_background&quot;:&quot;classic&quot;,&quot;animation&quot;:&quot;fadeInRight&quot;}\">\n\t\t\t\t\t\t<div class=\"elementor-container elementor-column-gap-default\">\n\t\t\t\t\t<div class=\"elementor-column elementor-col-50 elementor-top-column elementor-element elementor-element-027e898\" data-id=\"027e898\" data-element_type=\"column\" data-e-type=\"column\">\n\t\t\t<div class=\"elementor-widget-wrap elementor-element-populated\">\n\t\t\t\t\t\t<div class=\"elementor-element elementor-element-6b261e3 elementor-widget elementor-widget-spacer\" data-id=\"6b261e3\" data-element_type=\"widget\" data-e-type=\"widget\" data-widget_type=\"spacer.default\">\n\t\t\t\t\t\t\t<div class=\"elementor-spacer\">\n\t\t\t<div class=\"elementor-spacer-inner\"><\/div>\n\t\t<\/div>\n\t\t\t\t\t\t<\/div>\n\t\t\t\t<div class=\"elementor-element elementor-element-f2e06ee elementor-invisible elementor-widget elementor-widget-heading\" data-id=\"f2e06ee\" data-element_type=\"widget\" data-e-type=\"widget\" data-settings=\"{&quot;_animation&quot;:&quot;fadeIn&quot;,&quot;_animation_delay&quot;:100}\" data-widget_type=\"heading.default\">\n\t\t\t\t\t<h2 class=\"elementor-heading-title elementor-size-default\">About us <\/h2>\t\t\t\t<\/div>\n\t\t\t\t<div class=\"elementor-element elementor-element-550f78f elementor-widget elementor-widget-text-editor\" data-id=\"550f78f\" data-element_type=\"widget\" data-e-type=\"widget\" data-widget_type=\"text-editor.default\">\n\t\t\t\t\t\t\t\t\t<p>Palmasur is a renovation and restoration company with over 30 years of experience in the industry, known for its commitment to quality and customer satisfaction. We have a team of highly qualified and passionate professionals, ready to turn your dreams and projects into reality.\u00a0<\/p>\t\t\t\t\t\t\t\t<\/div>\n\t\t\t\t\t<\/div>\n\t\t<\/div>\n\t\t\t\t<div class=\"elementor-column elementor-col-50 elementor-top-column elementor-element elementor-element-90df3f8\" data-id=\"90df3f8\" data-element_type=\"column\" data-e-type=\"column\">\n\t\t\t<div class=\"elementor-widget-wrap elementor-element-populated\">\n\t\t\t\t\t\t<div class=\"elementor-element elementor-element-27b57bc elementor-widget elementor-widget-image\" data-id=\"27b57bc\" data-element_type=\"widget\" data-e-type=\"widget\" data-widget_type=\"image.default\">\n\t\t\t\t\t\t\t\t\t\t\t\t\t\t\t<img fetchpriority=\"high\" decoding=\"async\" width=\"1200\" height=\"1600\" src=\"https:\/\/palmasurreformas.com\/wp-content\/uploads\/2025\/07\/WhatsApp-Image-2025-06-30-at-13.17.16.jpeg\" class=\"attachment-full size-full wp-image-240\" alt=\"\" srcset=\"https:\/\/palmasurreformas.com\/wp-content\/uploads\/2025\/07\/WhatsApp-Image-2025-06-30-at-13.17.16.jpeg 1200w, https:\/\/palmasurreformas.com\/wp-content\/uploads\/2025\/07\/WhatsApp-Image-2025-06-30-at-13.17.16-225x300.jpeg 225w, https:\/\/palmasurreformas.com\/wp-content\/uploads\/2025\/07\/WhatsApp-Image-2025-06-30-at-13.17.16-768x1024.jpeg 768w, https:\/\/palmasurreformas.com\/wp-content\/uploads\/2025\/07\/WhatsApp-Image-2025-06-30-at-13.17.16-1152x1536.jpeg 1152w, https:\/\/palmasurreformas.com\/wp-content\/uploads\/2025\/07\/WhatsApp-Image-2025-06-30-at-13.17.16-9x12.jpeg 9w\" sizes=\"(max-width: 1200px) 100vw, 1200px\" \/>\t\t\t\t\t\t\t\t\t\t\t\t\t\t\t<\/div>\n\t\t\t\t\t<\/div>\n\t\t<\/div>\n\t\t\t\t\t<\/div>\n\t\t<\/section>\n\t\t<div class=\"elementor-element elementor-element-171dc65 e-flex e-con-boxed e-con e-parent\" data-id=\"171dc65\" data-element_type=\"container\" data-e-type=\"container\" data-settings=\"{&quot;background_background&quot;:&quot;classic&quot;}\">\n\t\t\t\t\t<div class=\"e-con-inner\">\n\t\t\t\t<div class=\"elementor-element elementor-element-99236f0 elementor-widget elementor-widget-heading\" data-id=\"99236f0\" data-element_type=\"widget\" data-e-type=\"widget\" data-widget_type=\"heading.default\">\n\t\t\t\t\t<h2 class=\"elementor-heading-title elementor-size-default\">We offer all the services provided by the suppliers that supply us!<\/h2>\t\t\t\t<\/div>\n\t\t\t\t<div class=\"elementor-element elementor-element-41a20e8 elementor-invisible elementor-widget elementor-widget-button\" data-id=\"41a20e8\" data-element_type=\"widget\" data-e-type=\"widget\" data-settings=\"{&quot;_animation&quot;:&quot;fadeInLeft&quot;}\" data-widget_type=\"button.default\">\n\t\t\t\t\t\t\t\t\t\t<a class=\"elementor-button elementor-button-link elementor-size-sm\" href=\"\/en\/servicios\/\">\n\t\t\t\t\t\t<span class=\"elementor-button-content-wrapper\">\n\t\t\t\t\t\t\t\t\t<span class=\"elementor-button-text\">Our Services<\/span>\n\t\t\t\t\t<\/span>\n\t\t\t\t\t<\/a>\n\t\t\t\t\t\t\t\t<\/div>\n\t\t\t\t\t<\/div>\n\t\t\t\t<\/div>\n\t\t\t\t<section class=\"elementor-section elementor-top-section elementor-element elementor-element-8144c32 elementor-section-boxed elementor-section-height-default elementor-section-height-default elementor-invisible\" data-id=\"8144c32\" data-element_type=\"section\" data-e-type=\"section\" data-settings=\"{&quot;background_background&quot;:&quot;classic&quot;,&quot;animation&quot;:&quot;fadeInLeft&quot;}\">\n\t\t\t\t\t\t<div class=\"elementor-container elementor-column-gap-default\">\n\t\t\t\t\t<div class=\"elementor-column elementor-col-50 elementor-top-column elementor-element elementor-element-d296746\" data-id=\"d296746\" data-element_type=\"column\" data-e-type=\"column\">\n\t\t\t<div class=\"elementor-widget-wrap elementor-element-populated\">\n\t\t\t\t\t\t<div class=\"elementor-element elementor-element-f5f1d0b elementor--h-position-center elementor--v-position-middle elementor-arrows-position-inside elementor-pagination-position-inside elementor-widget elementor-widget-slides\" data-id=\"f5f1d0b\" data-element_type=\"widget\" data-e-type=\"widget\" data-settings=\"{&quot;navigation&quot;:&quot;both&quot;,&quot;autoplay&quot;:&quot;yes&quot;,&quot;pause_on_hover&quot;:&quot;yes&quot;,&quot;pause_on_interaction&quot;:&quot;yes&quot;,&quot;autoplay_speed&quot;:5000,&quot;infinite&quot;:&quot;yes&quot;,&quot;transition&quot;:&quot;slide&quot;,&quot;transition_speed&quot;:500}\" data-widget_type=\"slides.default\">\n\t\t\t\t\t\t\t\t\t\t<div class=\"elementor-slides-wrapper elementor-main-swiper swiper\" role=\"region\" aria-roledescription=\"carousel\" aria-label=\"Slides\" dir=\"ltr\" data-animation=\"fadeInUp\">\n\t\t\t\t<div class=\"swiper-wrapper elementor-slides\">\n\t\t\t\t\t\t\t\t\t\t<div class=\"elementor-repeater-item-eac2d45 swiper-slide\" role=\"group\" aria-roledescription=\"slide\"><div class=\"swiper-slide-bg\" role=\"img\" aria-label=\"\"><\/div><div class=\"swiper-slide-inner\" ><div class=\"swiper-slide-contents\"><\/div><\/div><\/div><div class=\"elementor-repeater-item-fb3865c swiper-slide\" role=\"group\" aria-roledescription=\"slide\"><div class=\"swiper-slide-bg\" role=\"img\" aria-label=\"\"><\/div><div class=\"swiper-slide-inner\" ><div class=\"swiper-slide-contents\"><\/div><\/div><\/div><div class=\"elementor-repeater-item-27ee566 swiper-slide\" role=\"group\" aria-roledescription=\"slide\"><div class=\"swiper-slide-bg\" role=\"img\" aria-label=\"\"><\/div><div class=\"swiper-slide-inner\" ><div class=\"swiper-slide-contents\"><\/div><\/div><\/div>\t\t\t\t<\/div>\n\t\t\t\t\t\t\t\t\t\t\t\t\t\t\t<div class=\"elementor-swiper-button elementor-swiper-button-prev\" role=\"button\" tabindex=\"0\" aria-label=\"Diapositiva anterior\">\n\t\t\t\t\t\t\t<svg aria-hidden=\"true\" class=\"e-font-icon-svg e-eicon-chevron-left\" viewbox=\"0 0 1000 1000\" xmlns=\"http:\/\/www.w3.org\/2000\/svg\"><path d=\"M646 125C629 125 613 133 604 142L308 442C296 454 292 471 292 487 292 504 296 521 308 533L604 854C617 867 629 875 646 875 663 875 679 871 692 858 704 846 713 829 713 812 713 796 708 779 692 767L438 487 692 225C700 217 708 204 708 187 708 171 704 154 692 142 675 129 663 125 646 125Z\"><\/path><\/svg>\t\t\t\t\t\t<\/div>\n\t\t\t\t\t\t<div class=\"elementor-swiper-button elementor-swiper-button-next\" role=\"button\" tabindex=\"0\" aria-label=\"Diapositiva siguiente\">\n\t\t\t\t\t\t\t<svg aria-hidden=\"true\" class=\"e-font-icon-svg e-eicon-chevron-right\" viewbox=\"0 0 1000 1000\" xmlns=\"http:\/\/www.w3.org\/2000\/svg\"><path d=\"M696 533C708 521 713 504 713 487 713 471 708 454 696 446L400 146C388 133 375 125 354 125 338 125 325 129 313 142 300 154 292 171 292 187 292 204 296 221 308 233L563 492 304 771C292 783 288 800 288 817 288 833 296 850 308 863 321 871 338 875 354 875 371 875 388 867 400 854L696 533Z\"><\/path><\/svg>\t\t\t\t\t\t<\/div>\n\t\t\t\t\t\t\t\t\t\t\t\t\t\t\t\t<div class=\"swiper-pagination\"><\/div>\n\t\t\t\t\t\t\t\t\t\t\t\t<\/div>\n\t\t\t\t\t\t\t\t<\/div>\n\t\t\t\t\t<\/div>\n\t\t<\/div>\n\t\t\t\t<div class=\"elementor-column elementor-col-50 elementor-top-column elementor-element elementor-element-f04c337\" data-id=\"f04c337\" data-element_type=\"column\" data-e-type=\"column\">\n\t\t\t<div class=\"elementor-widget-wrap elementor-element-populated\">\n\t\t\t\t\t\t<div class=\"elementor-element elementor-element-7af62e1 elementor-widget elementor-widget-spacer\" data-id=\"7af62e1\" data-element_type=\"widget\" data-e-type=\"widget\" data-widget_type=\"spacer.default\">\n\t\t\t\t\t\t\t<div class=\"elementor-spacer\">\n\t\t\t<div class=\"elementor-spacer-inner\"><\/div>\n\t\t<\/div>\n\t\t\t\t\t\t<\/div>\n\t\t\t\t<div class=\"elementor-element elementor-element-5d32fba elementor-invisible elementor-widget elementor-widget-heading\" data-id=\"5d32fba\" data-element_type=\"widget\" data-e-type=\"widget\" data-settings=\"{&quot;_animation&quot;:&quot;fadeIn&quot;,&quot;_animation_delay&quot;:100}\" data-widget_type=\"heading.default\">\n\t\t\t\t\t<h2 class=\"elementor-heading-title elementor-size-default\">Variety of Repairs<\/h2>\t\t\t\t<\/div>\n\t\t\t\t<div class=\"elementor-element elementor-element-be860f3 elementor-widget elementor-widget-text-editor\" data-id=\"be860f3\" data-element_type=\"widget\" data-e-type=\"widget\" data-widget_type=\"text-editor.default\">\n\t\t\t\t\t\t\t\t\t<p>We specialize in a wide variety of repairs and installations needed to achieve your goals, always ensuring the best results in every project we undertake.<\/p>\t\t\t\t\t\t\t\t<\/div>\n\t\t\t\t\t<\/div>\n\t\t<\/div>\n\t\t\t\t\t<\/div>\n\t\t<\/section>\n\t\t\t\t<\/div>","protected":false},"excerpt":{"rendered":"<p>Reformas y Rehabilitaci\u00f3n Nuestros Servicios Sobre nosotros Palmasur es una empresa de reformas y rehabilitaci\u00f3n con m\u00e1s de 30 a\u00f1os de experiencia en el sector, destac\u00e1ndose por su compromiso con la calidad y la satisfacci\u00f3n del cliente. Contamos con un equipo de profesionales altamente cualificados y apasionados por su trabajo, dispuestos a convertir en realidad [&hellip;]<\/p>\n","protected":false},"author":1,"featured_media":0,"parent":0,"menu_order":0,"comment_status":"closed","ping_status":"closed","template":"elementor_canvas","meta":{"footnotes":""},"class_list":["post-2","page","type-page","status-publish","hentry"],"yoast_head":"<!-- This site is optimized with the Yoast SEO plugin v27.3 - https:\/\/yoast.com\/product\/yoast-seo-wordpress\/ -->\n<title>Inicio - Palmasur<\/title>\n<meta name=\"robots\" content=\"index, follow, max-snippet:-1, max-image-preview:large, max-video-preview:-1\" \/>\n<link rel=\"canonical\" href=\"https:\/\/palmasurreformas.com\/en\/\" \/>\n<meta property=\"og:locale\" content=\"en_US\" \/>\n<meta property=\"og:type\" content=\"article\" \/>\n<meta property=\"og:title\" content=\"Inicio - Palmasur\" \/>\n<meta property=\"og:description\" content=\"Reformas y Rehabilitaci\u00f3n Nuestros Servicios Sobre nosotros Palmasur es una empresa de reformas y rehabilitaci\u00f3n con m\u00e1s de 30 a\u00f1os de experiencia en el sector, destac\u00e1ndose por su compromiso con la calidad y la satisfacci\u00f3n del cliente. Contamos con un equipo de profesionales altamente cualificados y apasionados por su trabajo, dispuestos a convertir en realidad [&hellip;]\" \/>\n<meta property=\"og:url\" content=\"https:\/\/palmasurreformas.com\/en\/\" \/>\n<meta property=\"og:site_name\" content=\"Palmasur\" \/>\n<meta property=\"article:modified_time\" content=\"2025-07-09T07:19:25+00:00\" \/>\n<meta property=\"og:image\" content=\"https:\/\/palmasurreformas.com\/wp-content\/uploads\/2025\/07\/WhatsApp-Image-2025-06-30-at-13.17.16.jpeg\" \/>\n<meta name=\"twitter:card\" content=\"summary_large_image\" \/>\n<meta name=\"twitter:label1\" content=\"Est. reading time\" \/>\n\t<meta name=\"twitter:data1\" content=\"1 minute\" \/>\n<script type=\"application\/ld+json\" class=\"yoast-schema-graph\">{\"@context\":\"https:\\\/\\\/schema.org\",\"@graph\":[{\"@type\":\"WebPage\",\"@id\":\"https:\\\/\\\/palmasurreformas.com\\\/\",\"url\":\"https:\\\/\\\/palmasurreformas.com\\\/\",\"name\":\"Inicio - Palmasur\",\"isPartOf\":{\"@id\":\"https:\\\/\\\/palmasurreformas.com\\\/#website\"},\"primaryImageOfPage\":{\"@id\":\"https:\\\/\\\/palmasurreformas.com\\\/#primaryimage\"},\"image\":{\"@id\":\"https:\\\/\\\/palmasurreformas.com\\\/#primaryimage\"},\"thumbnailUrl\":\"https:\\\/\\\/palmasurreformas.com\\\/wp-content\\\/uploads\\\/2025\\\/07\\\/WhatsApp-Image-2025-06-30-at-13.17.16.jpeg\",\"datePublished\":\"2025-07-07T16:09:27+00:00\",\"dateModified\":\"2025-07-09T07:19:25+00:00\",\"breadcrumb\":{\"@id\":\"https:\\\/\\\/palmasurreformas.com\\\/#breadcrumb\"},\"inLanguage\":\"en-US\",\"potentialAction\":[{\"@type\":\"ReadAction\",\"target\":[\"https:\\\/\\\/palmasurreformas.com\\\/\"]}]},{\"@type\":\"ImageObject\",\"inLanguage\":\"en-US\",\"@id\":\"https:\\\/\\\/palmasurreformas.com\\\/#primaryimage\",\"url\":\"https:\\\/\\\/palmasurreformas.com\\\/wp-content\\\/uploads\\\/2025\\\/07\\\/WhatsApp-Image-2025-06-30-at-13.17.16.jpeg\",\"contentUrl\":\"https:\\\/\\\/palmasurreformas.com\\\/wp-content\\\/uploads\\\/2025\\\/07\\\/WhatsApp-Image-2025-06-30-at-13.17.16.jpeg\"},{\"@type\":\"BreadcrumbList\",\"@id\":\"https:\\\/\\\/palmasurreformas.com\\\/#breadcrumb\",\"itemListElement\":[{\"@type\":\"ListItem\",\"position\":1,\"name\":\"Portada\",\"item\":\"https:\\\/\\\/palmasurreformas.com\\\/\"},{\"@type\":\"ListItem\",\"position\":2,\"name\":\"Inicio\"}]},{\"@type\":\"WebSite\",\"@id\":\"https:\\\/\\\/palmasurreformas.com\\\/#website\",\"url\":\"https:\\\/\\\/palmasurreformas.com\\\/\",\"name\":\"Palmasur\",\"description\":\"Palmasur\",\"publisher\":{\"@id\":\"https:\\\/\\\/palmasurreformas.com\\\/#organization\"},\"potentialAction\":[{\"@type\":\"SearchAction\",\"target\":{\"@type\":\"EntryPoint\",\"urlTemplate\":\"https:\\\/\\\/palmasurreformas.com\\\/?s={search_term_string}\"},\"query-input\":{\"@type\":\"PropertyValueSpecification\",\"valueRequired\":true,\"valueName\":\"search_term_string\"}}],\"inLanguage\":\"en-US\"},{\"@type\":\"Organization\",\"@id\":\"https:\\\/\\\/palmasurreformas.com\\\/#organization\",\"name\":\"Palmasur\",\"url\":\"https:\\\/\\\/palmasurreformas.com\\\/\",\"logo\":{\"@type\":\"ImageObject\",\"inLanguage\":\"en-US\",\"@id\":\"https:\\\/\\\/palmasurreformas.com\\\/#\\\/schema\\\/logo\\\/image\\\/\",\"url\":\"https:\\\/\\\/palmasurreformas.com\\\/wp-content\\\/uploads\\\/2025\\\/07\\\/cropped-logo_ORIGINAL.jpeg\",\"contentUrl\":\"https:\\\/\\\/palmasurreformas.com\\\/wp-content\\\/uploads\\\/2025\\\/07\\\/cropped-logo_ORIGINAL.jpeg\",\"width\":1024,\"height\":876,\"caption\":\"Palmasur\"},\"image\":{\"@id\":\"https:\\\/\\\/palmasurreformas.com\\\/#\\\/schema\\\/logo\\\/image\\\/\"}}]}<\/script>\n<!-- \/ Yoast SEO plugin. -->","yoast_head_json":{"title":"Inicio - Palmasur","robots":{"index":"index","follow":"follow","max-snippet":"max-snippet:-1","max-image-preview":"max-image-preview:large","max-video-preview":"max-video-preview:-1"},"canonical":"https:\/\/palmasurreformas.com\/en\/","og_locale":"en_US","og_type":"article","og_title":"Inicio - Palmasur","og_description":"Reformas y Rehabilitaci\u00f3n Nuestros Servicios Sobre nosotros Palmasur es una empresa de reformas y rehabilitaci\u00f3n con m\u00e1s de 30 a\u00f1os de experiencia en el sector, destac\u00e1ndose por su compromiso con la calidad y la satisfacci\u00f3n del cliente. Contamos con un equipo de profesionales altamente cualificados y apasionados por su trabajo, dispuestos a convertir en realidad [&hellip;]","og_url":"https:\/\/palmasurreformas.com\/en\/","og_site_name":"Palmasur","article_modified_time":"2025-07-09T07:19:25+00:00","og_image":[{"url":"https:\/\/palmasurreformas.com\/wp-content\/uploads\/2025\/07\/WhatsApp-Image-2025-06-30-at-13.17.16.jpeg","type":"","width":"","height":""}],"twitter_card":"summary_large_image","twitter_misc":{"Est. reading time":"1 minute"},"schema":{"@context":"https:\/\/schema.org","@graph":[{"@type":"WebPage","@id":"https:\/\/palmasurreformas.com\/","url":"https:\/\/palmasurreformas.com\/","name":"Inicio - Palmasur","isPartOf":{"@id":"https:\/\/palmasurreformas.com\/#website"},"primaryImageOfPage":{"@id":"https:\/\/palmasurreformas.com\/#primaryimage"},"image":{"@id":"https:\/\/palmasurreformas.com\/#primaryimage"},"thumbnailUrl":"https:\/\/palmasurreformas.com\/wp-content\/uploads\/2025\/07\/WhatsApp-Image-2025-06-30-at-13.17.16.jpeg","datePublished":"2025-07-07T16:09:27+00:00","dateModified":"2025-07-09T07:19:25+00:00","breadcrumb":{"@id":"https:\/\/palmasurreformas.com\/#breadcrumb"},"inLanguage":"en-US","potentialAction":[{"@type":"ReadAction","target":["https:\/\/palmasurreformas.com\/"]}]},{"@type":"ImageObject","inLanguage":"en-US","@id":"https:\/\/palmasurreformas.com\/#primaryimage","url":"https:\/\/palmasurreformas.com\/wp-content\/uploads\/2025\/07\/WhatsApp-Image-2025-06-30-at-13.17.16.jpeg","contentUrl":"https:\/\/palmasurreformas.com\/wp-content\/uploads\/2025\/07\/WhatsApp-Image-2025-06-30-at-13.17.16.jpeg"},{"@type":"BreadcrumbList","@id":"https:\/\/palmasurreformas.com\/#breadcrumb","itemListElement":[{"@type":"ListItem","position":1,"name":"Portada","item":"https:\/\/palmasurreformas.com\/"},{"@type":"ListItem","position":2,"name":"Inicio"}]},{"@type":"WebSite","@id":"https:\/\/palmasurreformas.com\/#website","url":"https:\/\/palmasurreformas.com\/","name":"Palmasur","description":"Palmasur","publisher":{"@id":"https:\/\/palmasurreformas.com\/#organization"},"potentialAction":[{"@type":"SearchAction","target":{"@type":"EntryPoint","urlTemplate":"https:\/\/palmasurreformas.com\/?s={search_term_string}"},"query-input":{"@type":"PropertyValueSpecification","valueRequired":true,"valueName":"search_term_string"}}],"inLanguage":"en-US"},{"@type":"Organization","@id":"https:\/\/palmasurreformas.com\/#organization","name":"Palmasur","url":"https:\/\/palmasurreformas.com\/","logo":{"@type":"ImageObject","inLanguage":"en-US","@id":"https:\/\/palmasurreformas.com\/#\/schema\/logo\/image\/","url":"https:\/\/palmasurreformas.com\/wp-content\/uploads\/2025\/07\/cropped-logo_ORIGINAL.jpeg","contentUrl":"https:\/\/palmasurreformas.com\/wp-content\/uploads\/2025\/07\/cropped-logo_ORIGINAL.jpeg","width":1024,"height":876,"caption":"Palmasur"},"image":{"@id":"https:\/\/palmasurreformas.com\/#\/schema\/logo\/image\/"}}]}},"_links":{"self":[{"href":"https:\/\/palmasurreformas.com\/en\/wp-json\/wp\/v2\/pages\/2","targetHints":{"allow":["GET"]}}],"collection":[{"href":"https:\/\/palmasurreformas.com\/en\/wp-json\/wp\/v2\/pages"}],"about":[{"href":"https:\/\/palmasurreformas.com\/en\/wp-json\/wp\/v2\/types\/page"}],"author":[{"embeddable":true,"href":"https:\/\/palmasurreformas.com\/en\/wp-json\/wp\/v2\/users\/1"}],"replies":[{"embeddable":true,"href":"https:\/\/palmasurreformas.com\/en\/wp-json\/wp\/v2\/comments?post=2"}],"version-history":[{"count":166,"href":"https:\/\/palmasurreformas.com\/en\/wp-json\/wp\/v2\/pages\/2\/revisions"}],"predecessor-version":[{"id":679,"href":"https:\/\/palmasurreformas.com\/en\/wp-json\/wp\/v2\/pages\/2\/revisions\/679"}],"wp:attachment":[{"href":"https:\/\/palmasurreformas.com\/en\/wp-json\/wp\/v2\/media?parent=2"}],"curies":[{"name":"wp","href":"https:\/\/api.w.org\/{rel}","templated":true}]}}